{"id":704,"date":"2022-05-12T10:45:34","date_gmt":"2022-05-12T08:45:34","guid":{"rendered":"https:\/\/lineanatura.nl\/verkaufsstellen\/"},"modified":"2022-06-28T09:03:24","modified_gmt":"2022-06-28T07:03:24","slug":"verkaufsstellen","status":"publish","type":"page","link":"https:\/\/lineanatura.nl\/de\/verkaufsstellen\/","title":{"rendered":"Verkaufsstellen"},"content":{"rendered":"<p><div class=\"fusion-fullwidth fullwidth-box fusion-builder-row-1 fusion-flex-container nonhundred-percent-fullwidth non-hundred-percent-height-scrolling\" style=\"--awb-border-radius-top-left:0px;--awb-border-radius-top-right:0px;--awb-border-radius-bottom-right:0px;--awb-border-radius-bottom-left:0px;--awb-margin-top:75px;--awb-flex-wrap:wrap;\" ><div class=\"fusion-builder-row fusion-row fusion-flex-align-items-flex-start fusion-flex-content-wrap\" style=\"max-width:1248px;margin-left: calc(-4% \/ 2 );margin-right: calc(-4% \/ 2 );\"><div class=\"fusion-layout-column fusion_builder_column fusion-builder-column-0 fusion_builder_column_1_1 1_1 fusion-flex-column\" style=\"--awb-bg-size:cover;--awb-width-large:100%;--awb-margin-top-large:0px;--awb-spacing-right-large:1.92%;--awb-margin-bottom-large:20px;--awb-spacing-left-large:1.92%;--awb-width-medium:100%;--awb-order-medium:0;--awb-spacing-right-medium:1.92%;--awb-spacing-left-medium:1.92%;--awb-width-small:100%;--awb-order-small:0;--awb-spacing-right-small:1.92%;--awb-spacing-left-small:1.92%;\"><div class=\"fusion-column-wrapper fusion-column-has-shadow fusion-flex-justify-content-flex-start fusion-content-layout-column\"><div class=\"fusion-reading-box-container reading-box-container-1\" style=\"--awb-title-color:var(--awb-color8);--awb-margin-top:0px;--awb-margin-bottom:20px;\"><div class=\"reading-box\" style=\"background-color:var(--awb-color1);border-width:1px;border-color:rgba(226,226,226,0);border-left-width:3px;border-left-color:var(--primary_color);border-style:solid;\"><h2>M\u00f6chten Sie Linea Natura Blumen kaufen?<\/h2><div class=\"reading-box-description fusion-reading-box-additional\">Das ist nat\u00fcrlich m\u00f6glich! Linea Natura hat 2 Verkaufsstellen:<\/div><div class=\"fusion-clearfix\"><\/div><\/div><\/div><\/div><\/div><\/div><\/div><div class=\"fusion-fullwidth fullwidth-box fusion-builder-row-2 fusion-flex-container nonhundred-percent-fullwidth non-hundred-percent-height-scrolling\" style=\"--awb-border-radius-top-left:0px;--awb-border-radius-top-right:0px;--awb-border-radius-bottom-right:0px;--awb-border-radius-bottom-left:0px;--awb-flex-wrap:wrap;\" ><div class=\"fusion-builder-row fusion-row fusion-flex-align-items-flex-start fusion-flex-content-wrap\" style=\"max-width:1248px;margin-left: calc(-4% \/ 2 );margin-right: calc(-4% \/ 2 );\"><div class=\"fusion-layout-column fusion_builder_column fusion-builder-column-1 fusion_builder_column_1_2 1_2 fusion-flex-column\" style=\"--awb-bg-size:cover;--awb-width-large:50%;--awb-margin-top-large:0px;--awb-spacing-right-large:3.84%;--awb-margin-bottom-large:20px;--awb-spacing-left-large:3.84%;--awb-width-medium:50%;--awb-order-medium:0;--awb-spacing-right-medium:3.84%;--awb-spacing-left-medium:3.84%;--awb-width-small:100%;--awb-order-small:0;--awb-spacing-right-small:1.92%;--awb-spacing-left-small:1.92%;\"><div class=\"fusion-column-wrapper fusion-column-has-shadow fusion-flex-justify-content-flex-start fusion-content-layout-column\"><div class=\"fusion-image-element \" style=\"text-align:left;--awb-caption-title-font-family:var(--h2_typography-font-family);--awb-caption-title-font-weight:var(--h2_typography-font-weight);--awb-caption-title-font-style:var(--h2_typography-font-style);--awb-caption-title-size:var(--h2_typography-font-size);--awb-caption-title-transform:var(--h2_typography-text-transform);--awb-caption-title-line-height:var(--h2_typography-line-height);--awb-caption-title-letter-spacing:var(--h2_typography-letter-spacing);\"><span class=\" fusion-imageframe imageframe-none imageframe-1 hover-type-none\"><img decoding=\"async\" width=\"300\" height=\"113\" alt=\"bloomer logo\" title=\"bloomer logo\" src=\"https:\/\/lineanatura.nl\/wp-content\/uploads\/2022\/06\/bloomer-logo-300x113.png\" class=\"img-responsive wp-image-384\" srcset=\"https:\/\/lineanatura.nl\/wp-content\/uploads\/2022\/06\/bloomer-logo-200x76.png 200w, https:\/\/lineanatura.nl\/wp-content\/uploads\/2022\/06\/bloomer-logo-400x151.png 400w, https:\/\/lineanatura.nl\/wp-content\/uploads\/2022\/06\/bloomer-logo-600x227.png 600w, https:\/\/lineanatura.nl\/wp-content\/uploads\/2022\/06\/bloomer-logo.png 752w\" sizes=\"(max-width: 640px) 100vw, 600px\" \/><\/span><\/div><div class=\"fusion-text fusion-text-1\" style=\"--awb-margin-right:5%;\"><p>Bloomer ist der Online-Blumengro\u00dfhandel, der das Leben aller Florist:innen angenehmer und einfacher macht. Bloomer bietet ein sehr breites und nachhaltiges Angebot an den sch\u00f6nsten und frischesten Blumen, Pflanzen und Accessoires. Das Gesamtpaket kann man bequem \u00fcber den Bloomer-Onlineshop bestellen. Das Tolle daran ist, dass sie Ihre Bestellung \u00fcber Nacht an Ihr Blumengesch\u00e4ft liefern. Dann k\u00f6nnen Sie direkt schon fr\u00fchmorgens die sch\u00f6nsten Blumenkreationen zaubern.<\/p>\n<p>Linea Natura passt perfekt zum Kundenkreis und zur Vision von Bloomer.<br \/>\nSie helfen Ihnen gerne, die wunderbare Welt von Linea Natura kennen zu lernen.<\/p>\n<\/div><\/div><\/div><div class=\"fusion-layout-column fusion_builder_column fusion-builder-column-2 fusion_builder_column_1_2 1_2 fusion-flex-column\" style=\"--awb-bg-size:cover;--awb-width-large:50%;--awb-margin-top-large:0px;--awb-spacing-right-large:3.84%;--awb-margin-bottom-large:20px;--awb-spacing-left-large:3.84%;--awb-width-medium:50%;--awb-order-medium:0;--awb-spacing-right-medium:3.84%;--awb-spacing-left-medium:3.84%;--awb-width-small:100%;--awb-order-small:0;--awb-spacing-right-small:1.92%;--awb-spacing-left-small:1.92%;\"><div class=\"fusion-column-wrapper fusion-column-has-shadow fusion-flex-justify-content-flex-start fusion-content-layout-column\"><div class=\"fusion-image-element \" style=\"text-align:left;--awb-caption-title-font-family:var(--h2_typography-font-family);--awb-caption-title-font-weight:var(--h2_typography-font-weight);--awb-caption-title-font-style:var(--h2_typography-font-style);--awb-caption-title-size:var(--h2_typography-font-size);--awb-caption-title-transform:var(--h2_typography-text-transform);--awb-caption-title-line-height:var(--h2_typography-line-height);--awb-caption-title-letter-spacing:var(--h2_typography-letter-spacing);\"><span class=\" fusion-imageframe imageframe-none imageframe-2 hover-type-none\"><img decoding=\"async\" width=\"300\" height=\"113\" alt=\"BG De Mooij\" title=\"BG-LOGO-PRIMAIR-PAYOFF\" src=\"https:\/\/lineanatura.nl\/wp-content\/uploads\/2022\/05\/BG-LOGO-PRIMAIR-PAYOFF-300x113.png\" class=\"img-responsive wp-image-280\" srcset=\"https:\/\/lineanatura.nl\/wp-content\/uploads\/2022\/05\/BG-LOGO-PRIMAIR-PAYOFF-200x76.png 200w, https:\/\/lineanatura.nl\/wp-content\/uploads\/2022\/05\/BG-LOGO-PRIMAIR-PAYOFF-400x151.png 400w, https:\/\/lineanatura.nl\/wp-content\/uploads\/2022\/05\/BG-LOGO-PRIMAIR-PAYOFF-600x227.png 600w, https:\/\/lineanatura.nl\/wp-content\/uploads\/2022\/05\/BG-LOGO-PRIMAIR-PAYOFF.png 752w\" sizes=\"(max-width: 640px) 100vw, 600px\" \/><\/span><\/div><div class=\"fusion-text fusion-text-2\" style=\"--awb-margin-right:5%;\"><p>B&amp;G de Mooij ist eine Plattform f\u00fcr Anbieter und K\u00e4ufer von Blumen Sie befinden sich auf der Blumenversteigerung Royal Flora Holland in Honselersdijk, dem absoluten Blumenzentrum. Geben Sie Ihre Bestellung auf und holen Sie die Linea Natura Produkte von Montag bis Freitag ab 7 Uhr an der Laderampe ab. Das ist wirklich sehr praktisch!<\/p>\n<p>F\u00fcr Kundschaft der Region Westland ist B&amp;G de Mooij ein hervorragender Ort, um Linea Natura Produkte abzuholen.<\/p>\n<\/div><\/div><\/div><\/div><\/div><div class=\"fusion-fullwidth fullwidth-box fusion-builder-row-3 fusion-flex-container nonhundred-percent-fullwidth non-hundred-percent-height-scrolling\" style=\"--awb-border-radius-top-left:0px;--awb-border-radius-top-right:0px;--awb-border-radius-bottom-right:0px;--awb-border-radius-bottom-left:0px;--awb-padding-top:0px;--awb-margin-top:0px;--awb-flex-wrap:wrap;\" ><div class=\"fusion-builder-row fusion-row fusion-flex-align-items-flex-start fusion-flex-content-wrap\" style=\"max-width:1248px;margin-left: calc(-4% \/ 2 );margin-right: calc(-4% \/ 2 );\"><div class=\"fusion-layout-column fusion_builder_column fusion-builder-column-3 fusion_builder_column_1_2 1_2 fusion-flex-column\" style=\"--awb-bg-size:cover;--awb-width-large:50%;--awb-margin-top-large:0px;--awb-spacing-right-large:3.84%;--awb-margin-bottom-large:20px;--awb-spacing-left-large:3.84%;--awb-width-medium:50%;--awb-order-medium:0;--awb-spacing-right-medium:3.84%;--awb-spacing-left-medium:3.84%;--awb-width-small:100%;--awb-order-small:0;--awb-spacing-right-small:1.92%;--awb-spacing-left-small:1.92%;\"><div class=\"fusion-column-wrapper fusion-column-has-shadow fusion-flex-justify-content-flex-start fusion-content-layout-column\"><div style=\"text-align:left;\"><a class=\"fusion-button button-flat fusion-button-default-size button-default fusion-button-default button-1 fusion-button-default-span fusion-button-default-type\" target=\"_self\" href=\"https:\/\/bloomer.nl\/\"><span class=\"fusion-button-text awb-button__text awb-button__text--default\">Weitere Informationen finden Sie hier<\/span><\/a><\/div><div class=\"fusion-text fusion-text-3\" style=\"--awb-margin-top:20px;--awb-margin-right:20px;\"><p>Telefon: 0800-2566637<br \/>\nWhatsApp: +31 174-637400<br \/>\nE-mail: <a href=\"mailto:info@bloomer.nl\">info@bloomer.nl<\/a><\/p>\n<\/div><\/div><\/div><div class=\"fusion-layout-column fusion_builder_column fusion-builder-column-4 fusion_builder_column_1_2 1_2 fusion-flex-column\" style=\"--awb-bg-size:cover;--awb-width-large:50%;--awb-margin-top-large:0px;--awb-spacing-right-large:3.84%;--awb-margin-bottom-large:20px;--awb-spacing-left-large:3.84%;--awb-width-medium:50%;--awb-order-medium:0;--awb-spacing-right-medium:3.84%;--awb-spacing-left-medium:3.84%;--awb-width-small:100%;--awb-order-small:0;--awb-spacing-right-small:1.92%;--awb-spacing-left-small:1.92%;\"><div class=\"fusion-column-wrapper fusion-column-has-shadow fusion-flex-justify-content-flex-start fusion-content-layout-column\"><div style=\"text-align:left;\"><a class=\"fusion-button button-flat fusion-button-default-size button-default fusion-button-default button-2 fusion-button-default-span fusion-button-default-type\" target=\"_self\" href=\"https:\/\/www.bgdemooij.nl\/\"><span class=\"fusion-button-text awb-button__text awb-button__text--default\">Weitere Informationen finden Sie hier<\/span><\/a><\/div><div class=\"fusion-text fusion-text-4\" style=\"--awb-margin-top:20px;--awb-margin-right:20px;\"><p>Telefon: +31 174742424<br \/>\nE-mail: <a href=\"mailto:info@bgdemooij.nl\">info@bgdemooij.nl<\/a><\/p>\n<\/div><\/div><\/div><\/div><\/div><\/p>\n","protected":false},"excerpt":{"rendered":"","protected":false},"author":1,"featured_media":0,"parent":0,"menu_order":0,"comment_status":"closed","ping_status":"closed","template":"","meta":{"footnotes":""},"class_list":["post-704","page","type-page","status-publish","hentry"],"_links":{"self":[{"href":"https:\/\/lineanatura.nl\/de\/wp-json\/wp\/v2\/pages\/704","targetHints":{"allow":["GET"]}}],"collection":[{"href":"https:\/\/lineanatura.nl\/de\/wp-json\/wp\/v2\/pages"}],"about":[{"href":"https:\/\/lineanatura.nl\/de\/wp-json\/wp\/v2\/types\/page"}],"author":[{"embeddable":true,"href":"https:\/\/lineanatura.nl\/de\/wp-json\/wp\/v2\/users\/1"}],"replies":[{"embeddable":true,"href":"https:\/\/lineanatura.nl\/de\/wp-json\/wp\/v2\/comments?post=704"}],"version-history":[{"count":0,"href":"https:\/\/lineanatura.nl\/de\/wp-json\/wp\/v2\/pages\/704\/revisions"}],"wp:attachment":[{"href":"https:\/\/lineanatura.nl\/de\/wp-json\/wp\/v2\/media?parent=704"}],"curies":[{"name":"wp","href":"https:\/\/api.w.org\/{rel}","templated":true}]}}