{"id":641,"date":"2022-05-12T10:42:24","date_gmt":"2022-05-12T08:42:24","guid":{"rendered":"https:\/\/lineanatura.nl\/linea-natura\/"},"modified":"2022-07-02T08:11:01","modified_gmt":"2022-07-02T06:11:01","slug":"linea-natura","status":"publish","type":"page","link":"https:\/\/lineanatura.nl\/de\/linea-natura\/","title":{"rendered":"Linea Natura"},"content":{"rendered":"<p><div class=\"fusion-fullwidth fullwidth-box fusion-builder-row-1 fusion-flex-container nonhundred-percent-fullwidth non-hundred-percent-height-scrolling\" style=\"--awb-border-radius-top-left:0px;--awb-border-radius-top-right:0px;--awb-border-radius-bottom-right:0px;--awb-border-radius-bottom-left:0px;--awb-flex-wrap:wrap;\" ><div class=\"fusion-builder-row fusion-row fusion-flex-align-items-flex-start fusion-flex-content-wrap\" style=\"max-width:1248px;margin-left: calc(-4% \/ 2 );margin-right: calc(-4% \/ 2 );\"><div class=\"fusion-layout-column fusion_builder_column fusion-builder-column-0 fusion_builder_column_1_1 1_1 fusion-flex-column\" style=\"--awb-bg-size:cover;--awb-width-large:100%;--awb-margin-top-large:75px;--awb-spacing-right-large:1.92%;--awb-margin-bottom-large:20px;--awb-spacing-left-large:1.92%;--awb-width-medium:100%;--awb-order-medium:0;--awb-spacing-right-medium:1.92%;--awb-spacing-left-medium:1.92%;--awb-width-small:100%;--awb-order-small:0;--awb-spacing-right-small:1.92%;--awb-spacing-left-small:1.92%;\"><div class=\"fusion-column-wrapper fusion-column-has-shadow fusion-flex-justify-content-flex-start fusion-content-layout-column\"><div class=\"fusion-reading-box-container reading-box-container-1\" style=\"--awb-title-color:var(--awb-color8);--awb-margin-top:0px;--awb-margin-bottom:20px;\"><div class=\"reading-box\" style=\"background-color:var(--awb-color1);border-width:1px;border-color:rgba(226,226,226,0);border-left-width:3px;border-left-color:var(--primary_color);border-style:solid;\"><div class=\"fusion-reading-box-flex\"><h2>LINEA NATURA<\/h2><\/div><\/div><\/div><div class=\"fusion-text fusion-text-1\"><p>Linea Natura ist das Markenzeichen f\u00fcr \u00e4u\u00dferst exklusive, unvergleichlich frische und unverwechselbare Blumen. Mit Linea Natura entscheiden Sie sich f\u00fcr erstklassige Blumen. Unverwechselbar in Gr\u00f6\u00dfe, L\u00e4nge, Gewicht, Qualit\u00e4t und Einzigartigkeit. Das wird oft bewundert! Die Blumen, die das Linea Natura-Label tragen, wurden mit gr\u00f6\u00dftm\u00f6glicher Sorgfalt gez\u00fcchtet und kultiviert.<\/p>\n<p>Linea Natura bietet eine konstante und qualitativ hochwertige Kollektion von ausgezeichneten und aparten Blumensorten, die sich vom Standard abheben. Das macht sie so einzigartig. Willkommen bei Linea Natura!<\/p>\n<\/div><div class=\"fusion-title title fusion-title-1 fusion-sep-none fusion-title-text fusion-title-size-three\" style=\"--awb-margin-top-small:10px;--awb-margin-right-small:0px;--awb-margin-bottom-small:10px;--awb-margin-left-small:0px;\"><h3 class=\"fusion-title-heading title-heading-left\" style=\"margin:0;\"><strong>Lernen Sie die Linea Natura Kollektionen kennen<\/strong><\/h3><\/div><div class=\"fusion-text fusion-text-2\"><p>Linea Natura bietet mehrere farbenfrohe Kollektionen mit pr\u00e4chtigen, erstklassigen Blumen!<\/p>\n<\/div><\/div><\/div><\/div><\/div><div class=\"fusion-fullwidth fullwidth-box fusion-builder-row-2 fusion-flex-container nonhundred-percent-fullwidth non-hundred-percent-height-scrolling\" style=\"--awb-border-radius-top-left:0px;--awb-border-radius-top-right:0px;--awb-border-radius-bottom-right:0px;--awb-border-radius-bottom-left:0px;--awb-flex-wrap:wrap;\" ><div class=\"fusion-builder-row fusion-row fusion-flex-align-items-center fusion-flex-justify-content-space-around fusion-flex-content-wrap\" style=\"max-width:1248px;margin-left: calc(-4% \/ 2 );margin-right: calc(-4% \/ 2 );\"><div class=\"fusion-layout-column fusion_builder_column fusion-builder-column-1 fusion_builder_column_1_5 1_5 fusion-flex-column\" style=\"--awb-bg-size:cover;--awb-width-large:20%;--awb-margin-top-large:0px;--awb-spacing-right-large:9.6%;--awb-margin-bottom-large:20px;--awb-spacing-left-large:9.6%;--awb-width-medium:20%;--awb-order-medium:0;--awb-spacing-right-medium:9.6%;--awb-spacing-left-medium:9.6%;--awb-width-small:100%;--awb-order-small:0;--awb-spacing-right-small:1.92%;--awb-spacing-left-small:1.92%;\"><div class=\"fusion-column-wrapper fusion-column-has-shadow fusion-flex-justify-content-flex-start fusion-content-layout-column\"><div class=\"fusion-image-element \" style=\"text-align:center;--awb-liftup-border-radius:0px;--awb-caption-title-font-family:var(--h2_typography-font-family);--awb-caption-title-font-weight:var(--h2_typography-font-weight);--awb-caption-title-font-style:var(--h2_typography-font-style);--awb-caption-title-size:var(--h2_typography-font-size);--awb-caption-title-transform:var(--h2_typography-text-transform);--awb-caption-title-line-height:var(--h2_typography-line-height);--awb-caption-title-letter-spacing:var(--h2_typography-letter-spacing);\"><div class=\"awb-image-frame awb-image-frame-1 imageframe-liftup\"><span class=\" fusion-imageframe imageframe-none imageframe-1\"><a class=\"fusion-no-lightbox\" href=\"https:\/\/lineanatura.nl\/de\/linea-natura\/linea-natura-flowers\/\" target=\"_self\" aria-label=\"Linea_Natura_Zwarte_Tekst_Rond\"><img decoding=\"async\" width=\"150\" height=\"150\" src=\"https:\/\/lineanatura.nl\/wp-content\/uploads\/2022\/05\/Linea_Natura_Zwarte_Tekst_Rond-150x150.png\" alt class=\"img-responsive wp-image-292\" srcset=\"https:\/\/lineanatura.nl\/wp-content\/uploads\/2022\/05\/Linea_Natura_Zwarte_Tekst_Rond-200x200.png 200w, https:\/\/lineanatura.nl\/wp-content\/uploads\/2022\/05\/Linea_Natura_Zwarte_Tekst_Rond-400x400.png 400w, https:\/\/lineanatura.nl\/wp-content\/uploads\/2022\/05\/Linea_Natura_Zwarte_Tekst_Rond-600x600.png 600w, https:\/\/lineanatura.nl\/wp-content\/uploads\/2022\/05\/Linea_Natura_Zwarte_Tekst_Rond-800x800.png 800w, https:\/\/lineanatura.nl\/wp-content\/uploads\/2022\/05\/Linea_Natura_Zwarte_Tekst_Rond-1200x1200.png 1200w\" sizes=\"(max-width: 640px) 100vw, 200px\" \/><\/a><\/span><\/div><\/div><div class=\"fusion-title title fusion-title-2 fusion-sep-none fusion-title-center fusion-title-text fusion-title-size-one\" style=\"--awb-margin-top:15px;--awb-margin-top-small:10px;--awb-margin-right-small:0px;--awb-margin-bottom-small:10px;--awb-margin-left-small:0px;--awb-font-size:24px;\"><h1 class=\"fusion-title-heading title-heading-center\" style=\"margin:0;font-size:1em;\"><p style=\"text-align: center;\">Linea Natura<br \/>\nFlowers<\/p><\/h1><\/div><\/div><\/div><div class=\"fusion-layout-column fusion_builder_column fusion-builder-column-2 fusion_builder_column_1_5 1_5 fusion-flex-column\" style=\"--awb-bg-size:cover;--awb-width-large:20%;--awb-margin-top-large:0px;--awb-spacing-right-large:9.6%;--awb-margin-bottom-large:20px;--awb-spacing-left-large:9.6%;--awb-width-medium:20%;--awb-order-medium:0;--awb-spacing-right-medium:9.6%;--awb-spacing-left-medium:9.6%;--awb-width-small:100%;--awb-order-small:0;--awb-spacing-right-small:1.92%;--awb-spacing-left-small:1.92%;\"><div class=\"fusion-column-wrapper fusion-column-has-shadow fusion-flex-justify-content-flex-start fusion-content-layout-column\"><div class=\"fusion-image-element \" style=\"text-align:center;--awb-liftup-border-radius:0px;--awb-caption-title-font-family:var(--h2_typography-font-family);--awb-caption-title-font-weight:var(--h2_typography-font-weight);--awb-caption-title-font-style:var(--h2_typography-font-style);--awb-caption-title-size:var(--h2_typography-font-size);--awb-caption-title-transform:var(--h2_typography-text-transform);--awb-caption-title-line-height:var(--h2_typography-line-height);--awb-caption-title-letter-spacing:var(--h2_typography-letter-spacing);\"><div class=\"awb-image-frame awb-image-frame-2 imageframe-liftup\"><span class=\" fusion-imageframe imageframe-none imageframe-2\"><a class=\"fusion-no-lightbox\" href=\"https:\/\/lineanatura.nl\/de\/linea-natura\/linea-natura-organic\/\" target=\"_self\" aria-label=\"Linea_Natura_Organic_Zwarte_Tekst_Rond\"><img decoding=\"async\" width=\"150\" height=\"150\" src=\"https:\/\/lineanatura.nl\/wp-content\/uploads\/2022\/05\/Linea_Natura_Organic_Zwarte_Tekst_Rond-150x150.png\" alt class=\"img-responsive wp-image-307\" srcset=\"https:\/\/lineanatura.nl\/wp-content\/uploads\/2022\/05\/Linea_Natura_Organic_Zwarte_Tekst_Rond-200x200.png 200w, https:\/\/lineanatura.nl\/wp-content\/uploads\/2022\/05\/Linea_Natura_Organic_Zwarte_Tekst_Rond-400x400.png 400w, https:\/\/lineanatura.nl\/wp-content\/uploads\/2022\/05\/Linea_Natura_Organic_Zwarte_Tekst_Rond-600x600.png 600w, https:\/\/lineanatura.nl\/wp-content\/uploads\/2022\/05\/Linea_Natura_Organic_Zwarte_Tekst_Rond-800x800.png 800w, https:\/\/lineanatura.nl\/wp-content\/uploads\/2022\/05\/Linea_Natura_Organic_Zwarte_Tekst_Rond-1200x1200.png 1200w\" sizes=\"(max-width: 640px) 100vw, 200px\" \/><\/a><\/span><\/div><\/div><div class=\"fusion-title title fusion-title-3 fusion-sep-none fusion-title-center fusion-title-text fusion-title-size-one\" style=\"--awb-margin-top:15px;--awb-margin-top-small:10px;--awb-margin-right-small:0px;--awb-margin-bottom-small:10px;--awb-margin-left-small:0px;--awb-font-size:24px;\"><h1 class=\"fusion-title-heading title-heading-center\" style=\"margin:0;font-size:1em;\"><p style=\"text-align: center;\">Linea Natura<br \/>\nOrganic<\/p><\/h1><\/div><\/div><\/div><div class=\"fusion-layout-column fusion_builder_column fusion-builder-column-3 fusion_builder_column_1_5 1_5 fusion-flex-column\" style=\"--awb-bg-size:cover;--awb-width-large:20%;--awb-margin-top-large:0px;--awb-spacing-right-large:9.6%;--awb-margin-bottom-large:20px;--awb-spacing-left-large:9.6%;--awb-width-medium:20%;--awb-order-medium:0;--awb-spacing-right-medium:9.6%;--awb-spacing-left-medium:9.6%;--awb-width-small:100%;--awb-order-small:0;--awb-spacing-right-small:1.92%;--awb-spacing-left-small:1.92%;\"><div class=\"fusion-column-wrapper fusion-column-has-shadow fusion-flex-justify-content-flex-start fusion-content-layout-column\"><div class=\"fusion-image-element \" style=\"text-align:center;--awb-liftup-border-radius:0px;--awb-caption-title-font-family:var(--h2_typography-font-family);--awb-caption-title-font-weight:var(--h2_typography-font-weight);--awb-caption-title-font-style:var(--h2_typography-font-style);--awb-caption-title-size:var(--h2_typography-font-size);--awb-caption-title-transform:var(--h2_typography-text-transform);--awb-caption-title-line-height:var(--h2_typography-line-height);--awb-caption-title-letter-spacing:var(--h2_typography-letter-spacing);\"><div class=\"awb-image-frame awb-image-frame-3 imageframe-liftup\"><span class=\" fusion-imageframe imageframe-none imageframe-3\"><a class=\"fusion-no-lightbox\" href=\"https:\/\/lineanatura.nl\/de\/linea-natura\/linea-natura-dried\/\" target=\"_self\" aria-label=\"Linea_Natura_Dried_Zwarte_Tekst_Rond\"><img decoding=\"async\" width=\"150\" height=\"150\" src=\"https:\/\/lineanatura.nl\/wp-content\/uploads\/2022\/05\/Linea_Natura_Dried_Zwarte_Tekst_Rond-150x150.png\" alt class=\"img-responsive wp-image-298\" srcset=\"https:\/\/lineanatura.nl\/wp-content\/uploads\/2022\/05\/Linea_Natura_Dried_Zwarte_Tekst_Rond-200x200.png 200w, https:\/\/lineanatura.nl\/wp-content\/uploads\/2022\/05\/Linea_Natura_Dried_Zwarte_Tekst_Rond-400x400.png 400w, https:\/\/lineanatura.nl\/wp-content\/uploads\/2022\/05\/Linea_Natura_Dried_Zwarte_Tekst_Rond-600x600.png 600w, https:\/\/lineanatura.nl\/wp-content\/uploads\/2022\/05\/Linea_Natura_Dried_Zwarte_Tekst_Rond-800x800.png 800w, https:\/\/lineanatura.nl\/wp-content\/uploads\/2022\/05\/Linea_Natura_Dried_Zwarte_Tekst_Rond-1200x1200.png 1200w\" sizes=\"(max-width: 640px) 100vw, 200px\" \/><\/a><\/span><\/div><\/div><div class=\"fusion-title title fusion-title-4 fusion-sep-none fusion-title-center fusion-title-text fusion-title-size-one\" style=\"--awb-margin-top:15px;--awb-margin-top-small:10px;--awb-margin-right-small:0px;--awb-margin-bottom-small:10px;--awb-margin-left-small:0px;--awb-font-size:24px;\"><h1 class=\"fusion-title-heading title-heading-center\" style=\"margin:0;font-size:1em;\"><p style=\"text-align: center;\">Linea Natura<br \/>\nDried<\/p><\/h1><\/div><\/div><\/div><div class=\"fusion-layout-column fusion_builder_column fusion-builder-column-4 fusion_builder_column_1_5 1_5 fusion-flex-column\" style=\"--awb-bg-size:cover;--awb-width-large:20%;--awb-margin-top-large:0px;--awb-spacing-right-large:9.6%;--awb-margin-bottom-large:20px;--awb-spacing-left-large:9.6%;--awb-width-medium:20%;--awb-order-medium:0;--awb-spacing-right-medium:9.6%;--awb-spacing-left-medium:9.6%;--awb-width-small:100%;--awb-order-small:0;--awb-spacing-right-small:1.92%;--awb-spacing-left-small:1.92%;\"><div class=\"fusion-column-wrapper fusion-column-has-shadow fusion-flex-justify-content-flex-start fusion-content-layout-column\"><div class=\"fusion-image-element \" style=\"text-align:center;--awb-liftup-border-radius:0px;--awb-caption-title-font-family:var(--h2_typography-font-family);--awb-caption-title-font-weight:var(--h2_typography-font-weight);--awb-caption-title-font-style:var(--h2_typography-font-style);--awb-caption-title-size:var(--h2_typography-font-size);--awb-caption-title-transform:var(--h2_typography-text-transform);--awb-caption-title-line-height:var(--h2_typography-line-height);--awb-caption-title-letter-spacing:var(--h2_typography-letter-spacing);\"><div class=\"awb-image-frame awb-image-frame-4 imageframe-liftup\"><span class=\" fusion-imageframe imageframe-none imageframe-4\"><a class=\"fusion-no-lightbox\" href=\"https:\/\/lineanatura.nl\/de\/linea-natura\/linea-natura-green\/\" target=\"_self\" aria-label=\"Linea_Natura_Green_Zwarte_Tekst_Rond\"><img decoding=\"async\" width=\"150\" height=\"150\" src=\"https:\/\/lineanatura.nl\/wp-content\/uploads\/2022\/05\/Linea_Natura_Green_Zwarte_Tekst_Rond-150x150.png\" alt class=\"img-responsive wp-image-304\" srcset=\"https:\/\/lineanatura.nl\/wp-content\/uploads\/2022\/05\/Linea_Natura_Green_Zwarte_Tekst_Rond-200x200.png 200w, https:\/\/lineanatura.nl\/wp-content\/uploads\/2022\/05\/Linea_Natura_Green_Zwarte_Tekst_Rond-400x400.png 400w, https:\/\/lineanatura.nl\/wp-content\/uploads\/2022\/05\/Linea_Natura_Green_Zwarte_Tekst_Rond-600x600.png 600w, https:\/\/lineanatura.nl\/wp-content\/uploads\/2022\/05\/Linea_Natura_Green_Zwarte_Tekst_Rond-800x800.png 800w, https:\/\/lineanatura.nl\/wp-content\/uploads\/2022\/05\/Linea_Natura_Green_Zwarte_Tekst_Rond-1200x1200.png 1200w\" sizes=\"(max-width: 640px) 100vw, 200px\" \/><\/a><\/span><\/div><\/div><div class=\"fusion-title title fusion-title-5 fusion-sep-none fusion-title-center fusion-title-text fusion-title-size-one\" style=\"--awb-margin-top:15px;--awb-margin-top-small:10px;--awb-margin-right-small:0px;--awb-margin-bottom-small:10px;--awb-margin-left-small:0px;--awb-font-size:24px;\"><h1 class=\"fusion-title-heading title-heading-center\" style=\"margin:0;font-size:1em;\"><p style=\"text-align: center;\">Linea Natura<br \/>\nGreen<\/p><\/h1><\/div><\/div><\/div><div class=\"fusion-layout-column fusion_builder_column fusion-builder-column-5 fusion_builder_column_1_5 1_5 fusion-flex-column\" style=\"--awb-bg-size:cover;--awb-width-large:20%;--awb-margin-top-large:0px;--awb-spacing-right-large:9.6%;--awb-margin-bottom-large:20px;--awb-spacing-left-large:9.6%;--awb-width-medium:20%;--awb-order-medium:0;--awb-spacing-right-medium:9.6%;--awb-spacing-left-medium:9.6%;--awb-width-small:100%;--awb-order-small:0;--awb-spacing-right-small:1.92%;--awb-spacing-left-small:1.92%;\"><div class=\"fusion-column-wrapper fusion-column-has-shadow fusion-flex-justify-content-flex-start fusion-content-layout-column\"><div class=\"fusion-image-element \" style=\"text-align:center;--awb-liftup-border-radius:0px;--awb-caption-title-font-family:var(--h2_typography-font-family);--awb-caption-title-font-weight:var(--h2_typography-font-weight);--awb-caption-title-font-style:var(--h2_typography-font-style);--awb-caption-title-size:var(--h2_typography-font-size);--awb-caption-title-transform:var(--h2_typography-text-transform);--awb-caption-title-line-height:var(--h2_typography-line-height);--awb-caption-title-letter-spacing:var(--h2_typography-letter-spacing);\"><div class=\"awb-image-frame awb-image-frame-5 imageframe-liftup\" style=\"max-width:150px;\"><span class=\" fusion-imageframe imageframe-none imageframe-5\"><a class=\"fusion-no-lightbox\" href=\"https:\/\/lineanatura.nl\/de\/linea-natura\/linea-natura-flowers\/\" target=\"_self\" aria-label=\"Linea_Natura_Silk_Roze_Rond\"><img decoding=\"async\" width=\"2084\" height=\"2084\" src=\"https:\/\/lineanatura.nl\/wp-content\/uploads\/2022\/05\/Linea_Natura_Silk_Roze_Rond.png\" alt class=\"img-responsive wp-image-316\" srcset=\"https:\/\/lineanatura.nl\/wp-content\/uploads\/2022\/05\/Linea_Natura_Silk_Roze_Rond-200x200.png 200w, https:\/\/lineanatura.nl\/wp-content\/uploads\/2022\/05\/Linea_Natura_Silk_Roze_Rond-400x400.png 400w, https:\/\/lineanatura.nl\/wp-content\/uploads\/2022\/05\/Linea_Natura_Silk_Roze_Rond-600x600.png 600w, https:\/\/lineanatura.nl\/wp-content\/uploads\/2022\/05\/Linea_Natura_Silk_Roze_Rond-800x800.png 800w, https:\/\/lineanatura.nl\/wp-content\/uploads\/2022\/05\/Linea_Natura_Silk_Roze_Rond-1200x1200.png 1200w, https:\/\/lineanatura.nl\/wp-content\/uploads\/2022\/05\/Linea_Natura_Silk_Roze_Rond.png 2084w\" sizes=\"(max-width: 640px) 100vw, 200px\" \/><\/a><\/span><\/div><\/div><div class=\"fusion-title title fusion-title-6 fusion-sep-none fusion-title-center fusion-title-text fusion-title-size-one\" style=\"--awb-margin-top:15px;--awb-margin-top-small:10px;--awb-margin-right-small:0px;--awb-margin-bottom-small:10px;--awb-margin-left-small:0px;--awb-font-size:24px;\"><h1 class=\"fusion-title-heading title-heading-center\" style=\"margin:0;font-size:1em;\"><p style=\"text-align: center;\">NEW!<br \/>\nLinea Natura<br \/>\nSilk<\/p><\/h1><\/div><\/div><\/div><\/div><\/div><\/p>\n","protected":false},"excerpt":{"rendered":"","protected":false},"author":1,"featured_media":0,"parent":0,"menu_order":0,"comment_status":"closed","ping_status":"closed","template":"","meta":{"footnotes":""},"class_list":["post-641","page","type-page","status-publish","hentry"],"_links":{"self":[{"href":"https:\/\/lineanatura.nl\/de\/wp-json\/wp\/v2\/pages\/641","targetHints":{"allow":["GET"]}}],"collection":[{"href":"https:\/\/lineanatura.nl\/de\/wp-json\/wp\/v2\/pages"}],"about":[{"href":"https:\/\/lineanatura.nl\/de\/wp-json\/wp\/v2\/types\/page"}],"author":[{"embeddable":true,"href":"https:\/\/lineanatura.nl\/de\/wp-json\/wp\/v2\/users\/1"}],"replies":[{"embeddable":true,"href":"https:\/\/lineanatura.nl\/de\/wp-json\/wp\/v2\/comments?post=641"}],"version-history":[{"count":0,"href":"https:\/\/lineanatura.nl\/de\/wp-json\/wp\/v2\/pages\/641\/revisions"}],"wp:attachment":[{"href":"https:\/\/lineanatura.nl\/de\/wp-json\/wp\/v2\/media?parent=641"}],"curies":[{"name":"wp","href":"https:\/\/api.w.org\/{rel}","templated":true}]}}